{"id":1787,"date":"2025-11-18T16:45:07","date_gmt":"2025-11-18T16:45:07","guid":{"rendered":"https:\/\/ramet.biz\/?page_id=1787"},"modified":"2025-11-18T16:45:32","modified_gmt":"2025-11-18T16:45:32","slug":"sprzegla-elektromagnetyczne-zebate","status":"publish","type":"page","link":"https:\/\/ramet.biz\/en\/produkty\/sprzegla-elektromagnetyczne-zebate\/","title":{"rendered":"Electromagnetic toothed clutches"},"content":{"rendered":"<h2 class=\"wp-block-heading has-text-align-center\">Electromagnetic toothed clutches<\/h2>\n\n\n\n<div class=\"wp-block-columns is-layout-flex wp-container-core-columns-is-layout-28f84493 wp-block-columns-is-layout-flex\">\n<div class=\"wp-block-column is-layout-flow wp-block-column-is-layout-flow\" style=\"flex-basis:50%\">\n<ul class=\"wp-block-list\">\n<li>FUM, FUMO: EZM<\/li>\n\n\n\n<li>PSP POHONY: EZA, EZB, EZC, EZF<\/li>\n\n\n\n<li>HEID: FZV, FZND, MZZ, MLZ, FOZ, MZOUL<\/li>\n\n\n\n<li>STROMAG: ZAA, ZBA, ZCB, ZDB, ZEA, ZGB, EZA, EZB, EZD, EZE, EZL, EZM, EZX, EDE, E<\/li>\n\n\n\n<li>ORTLINGHAUS: 0-012, 0-013<\/li>\n\n\n\n<li>BINDER MAGNETE: 82.052, 84.053<\/li>\n\n\n\n<li>ZF: EK-ER, EKD, EKR, EK, EK..BZS<\/li>\n<\/ul>\n<\/div>\n\n\n\n<div class=\"wp-block-column is-layout-flow wp-block-column-is-layout-flow\" style=\"flex-basis:50%\">\n<figure class=\"wp-block-gallery has-nested-images columns-default is-cropped wp-block-gallery-1 is-layout-flex wp-block-gallery-is-layout-flex\">\n<figure class=\"wp-block-image size-large\"><img loading=\"lazy\" decoding=\"async\" width=\"520\" height=\"420\" data-id=\"1789\" src=\"https:\/\/ramet.biz\/wp-content\/uploads\/2025\/11\/x17.jpg.pagespeed.ic_.u8rnKsovzx.webp\" alt=\"\" class=\"wp-image-1789\" srcset=\"https:\/\/ramet.biz\/wp-content\/uploads\/2025\/11\/x17.jpg.pagespeed.ic_.u8rnKsovzx.webp 520w, https:\/\/ramet.biz\/wp-content\/uploads\/2025\/11\/x17.jpg.pagespeed.ic_.u8rnKsovzx-300x242.webp 300w\" sizes=\"auto, (max-width: 520px) 100vw, 520px\" \/><\/figure>\n\n\n\n<figure class=\"wp-block-image size-large\"><img loading=\"lazy\" decoding=\"async\" width=\"520\" height=\"420\" data-id=\"1788\" src=\"https:\/\/ramet.biz\/wp-content\/uploads\/2025\/11\/x16.jpg.pagespeed.ic_.U3oYXNKvL-.webp\" alt=\"\" class=\"wp-image-1788\" srcset=\"https:\/\/ramet.biz\/wp-content\/uploads\/2025\/11\/x16.jpg.pagespeed.ic_.U3oYXNKvL-.webp 520w, https:\/\/ramet.biz\/wp-content\/uploads\/2025\/11\/x16.jpg.pagespeed.ic_.U3oYXNKvL--300x242.webp 300w\" sizes=\"auto, (max-width: 520px) 100vw, 520px\" \/><\/figure>\n<\/figure>\n<\/div>\n<\/div>","protected":false},"excerpt":{"rendered":"<p>Electromagnetic toothed clutches<\/p>","protected":false},"author":1,"featured_media":0,"parent":1710,"menu_order":7,"comment_status":"closed","ping_status":"closed","template":"","meta":{"_uag_custom_page_level_css":"","site-sidebar-layout":"default","site-content-layout":"","ast-site-content-layout":"default","site-content-style":"default","site-sidebar-style":"default","ast-global-header-display":"","ast-banner-title-visibility":"","ast-main-header-display":"","ast-hfb-above-header-display":"","ast-hfb-below-header-display":"","ast-hfb-mobile-header-display":"","site-post-title":"disabled","ast-breadcrumbs-content":"","ast-featured-img":"","footer-sml-layout":"","ast-disable-related-posts":"","theme-transparent-header-meta":"","adv-header-id-meta":"","stick-header-meta":"","header-above-stick-meta":"","header-main-stick-meta":"","header-below-stick-meta":"","astra-migrate-meta-layouts":"set","ast-page-background-enabled":"default","ast-page-background-meta":{"desktop":{"background-color":"","background-image":"","background-repeat":"repeat","background-position":"center center","background-size":"auto","background-attachment":"scroll","background-type":"","background-media":"","overlay-type":"","overlay-color":"","overlay-opacity":"","overlay-gradient":""},"tablet":{"background-color":"","background-image":"","background-repeat":"repeat","background-position":"center center","background-size":"auto","background-attachment":"scroll","background-type":"","background-media":"","overlay-type":"","overlay-color":"","overlay-opacity":"","overlay-gradient":""},"mobile":{"background-color":"","background-image":"","background-repeat":"repeat","background-position":"center center","background-size":"auto","background-attachment":"scroll","background-type":"","background-media":"","overlay-type":"","overlay-color":"","overlay-opacity":"","overlay-gradient":""}},"ast-content-background-meta":{"desktop":{"background-color":"var(--ast-global-color-5)","background-image":"","background-repeat":"repeat","background-position":"center center","background-size":"auto","background-attachment":"scroll","background-type":"","background-media":"","overlay-type":"","overlay-color":"","overlay-opacity":"","overlay-gradient":""},"tablet":{"background-color":"var(--ast-global-color-5)","background-image":"","background-repeat":"repeat","background-position":"center center","background-size":"auto","background-attachment":"scroll","background-type":"","background-media":"","overlay-type":"","overlay-color":"","overlay-opacity":"","overlay-gradient":""},"mobile":{"background-color":"var(--ast-global-color-5)","background-image":"","background-repeat":"repeat","background-position":"center center","background-size":"auto","background-attachment":"scroll","background-type":"","background-media":"","overlay-type":"","overlay-color":"","overlay-opacity":"","overlay-gradient":""}},"footnotes":""},"class_list":["post-1787","page","type-page","status-publish","hentry"],"aioseo_notices":[],"yoast_head":"<!-- This site is optimized with the Yoast SEO plugin v27.4 - https:\/\/yoast.com\/product\/yoast-seo-wordpress\/ -->\n<title>Sprz\u0119g\u0142a elektromagnetyczne z\u0119bate - https:\/\/ramet.biz<\/title>\n<meta name=\"robots\" content=\"index, follow, max-snippet:-1, max-image-preview:large, max-video-preview:-1\" \/>\n<link rel=\"canonical\" href=\"https:\/\/ramet.biz\/en\/produkty\/sprzegla-elektromagnetyczne-zebate\/\" \/>\n<meta property=\"og:locale\" content=\"en_US\" \/>\n<meta property=\"og:type\" content=\"article\" \/>\n<meta property=\"og:title\" content=\"Sprz\u0119g\u0142a elektromagnetyczne z\u0119bate - https:\/\/ramet.biz\" \/>\n<meta property=\"og:description\" content=\"Sprz\u0119g\u0142a elektromagnetyczne z\u0119bate\" \/>\n<meta property=\"og:url\" content=\"https:\/\/ramet.biz\/en\/produkty\/sprzegla-elektromagnetyczne-zebate\/\" \/>\n<meta property=\"og:site_name\" content=\"https:\/\/ramet.biz\" \/>\n<meta property=\"article:modified_time\" content=\"2025-11-18T16:45:32+00:00\" \/>\n<meta property=\"og:image\" content=\"https:\/\/ramet.biz\/wp-content\/uploads\/2025\/11\/x17.jpg.pagespeed.ic_.u8rnKsovzx.webp\" \/>\n<meta name=\"twitter:card\" content=\"summary_large_image\" \/>\n<meta name=\"twitter:label1\" content=\"Est. reading time\" \/>\n\t<meta name=\"twitter:data1\" content=\"1 minute\" \/>\n<script type=\"application\/ld+json\" class=\"yoast-schema-graph\">{\"@context\":\"https:\\\/\\\/schema.org\",\"@graph\":[{\"@type\":\"WebPage\",\"@id\":\"https:\\\/\\\/ramet.biz\\\/produkty\\\/sprzegla-elektromagnetyczne-zebate\\\/\",\"url\":\"https:\\\/\\\/ramet.biz\\\/produkty\\\/sprzegla-elektromagnetyczne-zebate\\\/\",\"name\":\"Sprz\u0119g\u0142a elektromagnetyczne z\u0119bate - https:\\\/\\\/ramet.biz\",\"isPartOf\":{\"@id\":\"https:\\\/\\\/ramet.biz\\\/#website\"},\"primaryImageOfPage\":{\"@id\":\"https:\\\/\\\/ramet.biz\\\/produkty\\\/sprzegla-elektromagnetyczne-zebate\\\/#primaryimage\"},\"image\":{\"@id\":\"https:\\\/\\\/ramet.biz\\\/produkty\\\/sprzegla-elektromagnetyczne-zebate\\\/#primaryimage\"},\"thumbnailUrl\":\"https:\\\/\\\/ramet.biz\\\/wp-content\\\/uploads\\\/2025\\\/11\\\/x17.jpg.pagespeed.ic_.u8rnKsovzx.webp\",\"datePublished\":\"2025-11-18T16:45:07+00:00\",\"dateModified\":\"2025-11-18T16:45:32+00:00\",\"breadcrumb\":{\"@id\":\"https:\\\/\\\/ramet.biz\\\/produkty\\\/sprzegla-elektromagnetyczne-zebate\\\/#breadcrumb\"},\"inLanguage\":\"en-US\",\"potentialAction\":[{\"@type\":\"ReadAction\",\"target\":[\"https:\\\/\\\/ramet.biz\\\/produkty\\\/sprzegla-elektromagnetyczne-zebate\\\/\"]}]},{\"@type\":\"ImageObject\",\"inLanguage\":\"en-US\",\"@id\":\"https:\\\/\\\/ramet.biz\\\/produkty\\\/sprzegla-elektromagnetyczne-zebate\\\/#primaryimage\",\"url\":\"https:\\\/\\\/ramet.biz\\\/wp-content\\\/uploads\\\/2025\\\/11\\\/x17.jpg.pagespeed.ic_.u8rnKsovzx.webp\",\"contentUrl\":\"https:\\\/\\\/ramet.biz\\\/wp-content\\\/uploads\\\/2025\\\/11\\\/x17.jpg.pagespeed.ic_.u8rnKsovzx.webp\"},{\"@type\":\"BreadcrumbList\",\"@id\":\"https:\\\/\\\/ramet.biz\\\/produkty\\\/sprzegla-elektromagnetyczne-zebate\\\/#breadcrumb\",\"itemListElement\":[{\"@type\":\"ListItem\",\"position\":1,\"name\":\"Strona g\u0142\u00f3wna\",\"item\":\"https:\\\/\\\/ramet.biz\\\/\"},{\"@type\":\"ListItem\",\"position\":2,\"name\":\"Produkty\",\"item\":\"https:\\\/\\\/ramet.biz\\\/produkty\\\/\"},{\"@type\":\"ListItem\",\"position\":3,\"name\":\"Sprz\u0119g\u0142a elektromagnetyczne z\u0119bate\"}]},{\"@type\":\"WebSite\",\"@id\":\"https:\\\/\\\/ramet.biz\\\/#website\",\"url\":\"https:\\\/\\\/ramet.biz\\\/\",\"name\":\"https:\\\/\\\/ramet.biz\",\"description\":\"\",\"publisher\":{\"@id\":\"https:\\\/\\\/ramet.biz\\\/#organization\"},\"potentialAction\":[{\"@type\":\"SearchAction\",\"target\":{\"@type\":\"EntryPoint\",\"urlTemplate\":\"https:\\\/\\\/ramet.biz\\\/?s={search_term_string}\"},\"query-input\":{\"@type\":\"PropertyValueSpecification\",\"valueRequired\":true,\"valueName\":\"search_term_string\"}}],\"inLanguage\":\"en-US\"},{\"@type\":\"Organization\",\"@id\":\"https:\\\/\\\/ramet.biz\\\/#organization\",\"name\":\"https:\\\/\\\/ramet.biz\",\"url\":\"https:\\\/\\\/ramet.biz\\\/\",\"logo\":{\"@type\":\"ImageObject\",\"inLanguage\":\"en-US\",\"@id\":\"https:\\\/\\\/ramet.biz\\\/#\\\/schema\\\/logo\\\/image\\\/\",\"url\":\"https:\\\/\\\/ramet.biz\\\/wp-content\\\/uploads\\\/2025\\\/11\\\/cropped-xlogo.png.pagespeed.ic_.yN8S04dPnT.webp\",\"contentUrl\":\"https:\\\/\\\/ramet.biz\\\/wp-content\\\/uploads\\\/2025\\\/11\\\/cropped-xlogo.png.pagespeed.ic_.yN8S04dPnT.webp\",\"width\":306,\"height\":90,\"caption\":\"https:\\\/\\\/ramet.biz\"},\"image\":{\"@id\":\"https:\\\/\\\/ramet.biz\\\/#\\\/schema\\\/logo\\\/image\\\/\"}}]}<\/script>\n<!-- \/ Yoast SEO plugin. -->","yoast_head_json":{"title":"Sprz\u0119g\u0142a elektromagnetyczne z\u0119bate - https:\/\/ramet.biz","robots":{"index":"index","follow":"follow","max-snippet":"max-snippet:-1","max-image-preview":"max-image-preview:large","max-video-preview":"max-video-preview:-1"},"canonical":"https:\/\/ramet.biz\/en\/produkty\/sprzegla-elektromagnetyczne-zebate\/","og_locale":"en_US","og_type":"article","og_title":"Sprz\u0119g\u0142a elektromagnetyczne z\u0119bate - https:\/\/ramet.biz","og_description":"Sprz\u0119g\u0142a elektromagnetyczne z\u0119bate","og_url":"https:\/\/ramet.biz\/en\/produkty\/sprzegla-elektromagnetyczne-zebate\/","og_site_name":"https:\/\/ramet.biz","article_modified_time":"2025-11-18T16:45:32+00:00","og_image":[{"url":"https:\/\/ramet.biz\/wp-content\/uploads\/2025\/11\/x17.jpg.pagespeed.ic_.u8rnKsovzx.webp","type":"","width":"","height":""}],"twitter_card":"summary_large_image","twitter_misc":{"Est. reading time":"1 minute"},"schema":{"@context":"https:\/\/schema.org","@graph":[{"@type":"WebPage","@id":"https:\/\/ramet.biz\/produkty\/sprzegla-elektromagnetyczne-zebate\/","url":"https:\/\/ramet.biz\/produkty\/sprzegla-elektromagnetyczne-zebate\/","name":"Sprz\u0119g\u0142a elektromagnetyczne z\u0119bate - https:\/\/ramet.biz","isPartOf":{"@id":"https:\/\/ramet.biz\/#website"},"primaryImageOfPage":{"@id":"https:\/\/ramet.biz\/produkty\/sprzegla-elektromagnetyczne-zebate\/#primaryimage"},"image":{"@id":"https:\/\/ramet.biz\/produkty\/sprzegla-elektromagnetyczne-zebate\/#primaryimage"},"thumbnailUrl":"https:\/\/ramet.biz\/wp-content\/uploads\/2025\/11\/x17.jpg.pagespeed.ic_.u8rnKsovzx.webp","datePublished":"2025-11-18T16:45:07+00:00","dateModified":"2025-11-18T16:45:32+00:00","breadcrumb":{"@id":"https:\/\/ramet.biz\/produkty\/sprzegla-elektromagnetyczne-zebate\/#breadcrumb"},"inLanguage":"en-US","potentialAction":[{"@type":"ReadAction","target":["https:\/\/ramet.biz\/produkty\/sprzegla-elektromagnetyczne-zebate\/"]}]},{"@type":"ImageObject","inLanguage":"en-US","@id":"https:\/\/ramet.biz\/produkty\/sprzegla-elektromagnetyczne-zebate\/#primaryimage","url":"https:\/\/ramet.biz\/wp-content\/uploads\/2025\/11\/x17.jpg.pagespeed.ic_.u8rnKsovzx.webp","contentUrl":"https:\/\/ramet.biz\/wp-content\/uploads\/2025\/11\/x17.jpg.pagespeed.ic_.u8rnKsovzx.webp"},{"@type":"BreadcrumbList","@id":"https:\/\/ramet.biz\/produkty\/sprzegla-elektromagnetyczne-zebate\/#breadcrumb","itemListElement":[{"@type":"ListItem","position":1,"name":"Strona g\u0142\u00f3wna","item":"https:\/\/ramet.biz\/"},{"@type":"ListItem","position":2,"name":"Produkty","item":"https:\/\/ramet.biz\/produkty\/"},{"@type":"ListItem","position":3,"name":"Sprz\u0119g\u0142a elektromagnetyczne z\u0119bate"}]},{"@type":"WebSite","@id":"https:\/\/ramet.biz\/#website","url":"https:\/\/ramet.biz\/","name":"https:\/\/ramet.biz","description":"","publisher":{"@id":"https:\/\/ramet.biz\/#organization"},"potentialAction":[{"@type":"SearchAction","target":{"@type":"EntryPoint","urlTemplate":"https:\/\/ramet.biz\/?s={search_term_string}"},"query-input":{"@type":"PropertyValueSpecification","valueRequired":true,"valueName":"search_term_string"}}],"inLanguage":"en-US"},{"@type":"Organization","@id":"https:\/\/ramet.biz\/#organization","name":"https:\/\/ramet.biz","url":"https:\/\/ramet.biz\/","logo":{"@type":"ImageObject","inLanguage":"en-US","@id":"https:\/\/ramet.biz\/#\/schema\/logo\/image\/","url":"https:\/\/ramet.biz\/wp-content\/uploads\/2025\/11\/cropped-xlogo.png.pagespeed.ic_.yN8S04dPnT.webp","contentUrl":"https:\/\/ramet.biz\/wp-content\/uploads\/2025\/11\/cropped-xlogo.png.pagespeed.ic_.yN8S04dPnT.webp","width":306,"height":90,"caption":"https:\/\/ramet.biz"},"image":{"@id":"https:\/\/ramet.biz\/#\/schema\/logo\/image\/"}}]}},"_hostinger_reach_plugin_has_subscription_block":false,"_hostinger_reach_plugin_is_elementor":false,"uagb_featured_image_src":{"full":false,"thumbnail":false,"medium":false,"medium_large":false,"large":false,"1536x1536":false,"2048x2048":false,"trp-custom-language-flag":false},"uagb_author_info":{"display_name":"zborowskaart@gmail.com","author_link":"https:\/\/ramet.biz\/en\/author\/zborowskaartgmail-com\/"},"uagb_comment_info":0,"uagb_excerpt":"Sprz\u0119g\u0142a elektromagnetyczne z\u0119bate","_links":{"self":[{"href":"https:\/\/ramet.biz\/en\/wp-json\/wp\/v2\/pages\/1787","targetHints":{"allow":["GET"]}}],"collection":[{"href":"https:\/\/ramet.biz\/en\/wp-json\/wp\/v2\/pages"}],"about":[{"href":"https:\/\/ramet.biz\/en\/wp-json\/wp\/v2\/types\/page"}],"author":[{"embeddable":true,"href":"https:\/\/ramet.biz\/en\/wp-json\/wp\/v2\/users\/1"}],"replies":[{"embeddable":true,"href":"https:\/\/ramet.biz\/en\/wp-json\/wp\/v2\/comments?post=1787"}],"version-history":[{"count":1,"href":"https:\/\/ramet.biz\/en\/wp-json\/wp\/v2\/pages\/1787\/revisions"}],"predecessor-version":[{"id":1790,"href":"https:\/\/ramet.biz\/en\/wp-json\/wp\/v2\/pages\/1787\/revisions\/1790"}],"up":[{"embeddable":true,"href":"https:\/\/ramet.biz\/en\/wp-json\/wp\/v2\/pages\/1710"}],"wp:attachment":[{"href":"https:\/\/ramet.biz\/en\/wp-json\/wp\/v2\/media?parent=1787"}],"curies":[{"name":"wp","href":"https:\/\/api.w.org\/{rel}","templated":true}]}}