{"id":1710,"date":"2025-11-18T13:20:47","date_gmt":"2025-11-18T13:20:47","guid":{"rendered":"https:\/\/ramet.biz\/?page_id=1710"},"modified":"2025-11-18T16:08:21","modified_gmt":"2025-11-18T16:08:21","slug":"produkty","status":"publish","type":"page","link":"https:\/\/ramet.biz\/en\/produkty\/","title":{"rendered":"Products"},"content":{"rendered":"<h2 class=\"wp-block-heading\">Pumps<\/h2>\n\n\n\n<h5 class=\"wp-block-heading\" id=\"Pompy-hydrauliczne\">Hydraulic pumps<\/h5>\n\n\n\n<ul class=\"wp-block-list\">\n<li>ORSTA: TGL 10885, TGL 10859, TGL 37069<\/li>\n\n\n\n<li>PONAR-WADOWICE: PV2V3 &#8230;\/12; PV2V3&#8230;\/25, PV2V3&#8230;\/40, PV2V3&#8230;63<\/li>\n\n\n\n<li>ATOS: PFE, PVL, PVA<\/li>\n\n\n\n<li>VICKERS: PVB, PFB, PVQ, PVE, PVH, PVM, V10, V20, 20V, 25V(T), 35V(T), 45V(T)<\/li>\n\n\n\n<li>SCHARMANN ZPA1&#8230;, TYP 1059, 0558<\/li>\n\n\n\n<li>WILLI VOGEL<\/li>\n\n\n\n<li>HAWE<\/li>\n\n\n\n<li>RACINE<\/li>\n\n\n\n<li>HYTOS<\/li>\n\n\n\n<li>REXROTH<\/li>\n\n\n\n<li>PARKER<\/li>\n\n\n\n<li>BOSCH<\/li>\n<\/ul>\n\n\n\n<div style=\"height:75px\" aria-hidden=\"true\" class=\"wp-block-spacer\"><\/div>\n\n\n\n<h5 class=\"wp-block-heading\" id=\"Elektropompki-do-ch\u0142odziwa\">Electric coolant pumps<\/h5>\n\n\n\n<ul class=\"wp-block-list\">\n<li>3COA<\/li>\n\n\n\n<li>4COA<\/li>\n\n\n\n<li>AST<\/li>\n\n\n\n<li>BP<\/li>\n\n\n\n<li>EP<\/li>\n<\/ul>\n\n\n\n<div style=\"height:75px\" aria-hidden=\"true\" class=\"wp-block-spacer\"><\/div>\n\n\n\n<h5 class=\"wp-block-heading\" id=\"Pompy-olejowe-do-tokarek\">Oil pumps for lathes<\/h5>\n\n\n\n<ul class=\"wp-block-list\">\n<li>TUD<\/li>\n\n\n\n<li>TUC<\/li>\n\n\n\n<li>TUX<\/li>\n\n\n\n<li>TPK<\/li>\n\n\n\n<li>TR<\/li>\n\n\n\n<li>TUM<\/li>\n\n\n\n<li>TUJ<\/li>\n\n\n\n<li>CU<\/li>\n\n\n\n<li>C11<\/li>\n\n\n\n<li>C13<\/li>\n\n\n\n<li>1M63<\/li>\n\n\n\n<li>SPA<\/li>\n<\/ul>\n\n\n\n<div style=\"height:75px\" aria-hidden=\"true\" class=\"wp-block-spacer\"><\/div>\n\n\n\n<h2 class=\"wp-block-heading\">Clutches and brakes: <\/h2>\n\n\n\n<h5 class=\"wp-block-heading\">Mechanic multi-disc clutches<\/h5>\n\n\n\n<ul class=\"wp-block-list\">\n<li>SIGMA ALL TYPES FOR BULGARIAN MACHINES<\/li>\n\n\n\n<li>MECHANICAL CLUTCHES FOR RUSSIAN MACHINES 1M63, 16K20<\/li>\n\n\n\n<li>PSP POHONY: LSV<\/li>\n\n\n\n<li>STROMAG: N, W, L, F, LD, ND, FD, SW, SN, SF<\/li>\n\n\n\n<li>ORTLINGHAUS: 0-100, 0-300<\/li>\n\n\n\n<li>FUM, FUMO: VAB, VAC, VAG<\/li>\n<\/ul>\n\n\n\n<div style=\"height:75px\" aria-hidden=\"true\" class=\"wp-block-spacer\"><\/div>\n\n\n\n<h5 class=\"wp-block-heading\">Hydraulic clutches<\/h5>\n\n\n\n<ul class=\"wp-block-list\">\n<li>SIGMA ALL TYPES FOR BULGARIAN MACHINES<\/li>\n\n\n\n<li>HEID: HLWS, HLW, HLOK, HLDBW, HZV\/PZV<\/li>\n\n\n\n<li>STROMAG: KMK&#8230;, KRE, KRD<\/li>\n\n\n\n<li>HCP CEGIELSKI: VHT<\/li>\n\n\n\n<li>ORTLINGHAUS: 0-023, 0-123, 0-021-007, 0-021-3.3, 0-002<\/li>\n<\/ul>\n\n\n\n<div style=\"height:75px\" aria-hidden=\"true\" class=\"wp-block-spacer\"><\/div>\n\n\n\n<h5 class=\"wp-block-heading\">Electromagnetic multi-disc clutches<\/h5>\n\n\n\n<ul class=\"wp-block-list\">\n<li>FUM, FUMO: ETM, VBA, VEP, VEPS<\/li>\n\n\n\n<li>PSP POHONY: ELB, ELS, ELK, ELA, EBP<\/li>\n\n\n\n<li>HEID: FOV, LKCF, FMV, FM, FMO, FMOK, FC, LCWA, LCF, LCW, LMS, FMOB, LMOBA<\/li>\n\n\n\n<li>STROMAG: EKE, ESD, EMD, EFL, ERD, EDE, ELN, EFK, EMB<\/li>\n\n\n\n<li>EMA-DESSAU: KL, 3KL, 4KL, KLDX, KLDO<\/li>\n\n\n\n<li>ZF: EK, EKR, EKF, EKN<\/li>\n\n\n\n<li>BINDER MAGNETE: 82.002, 82.012, 84.003, 84.013, 82.103, 82.113, 81.002, 81.012, 81.502, 81.512, 81.103<\/li>\n\n\n\n<li>SHINKO: MCWO<\/li>\n\n\n\n<li>BGD-50, BGD-100<\/li>\n<\/ul>\n\n\n\n<div style=\"height:75px\" aria-hidden=\"true\" class=\"wp-block-spacer\"><\/div>\n\n\n\n<h5 class=\"wp-block-heading\">Electromagnetic toothed clutches<\/h5>\n\n\n\n<ul class=\"wp-block-list\">\n<li>FUM, FUMO: EZM<\/li>\n\n\n\n<li>PSP POHONY: EZA, EZB, EZC, EZF<\/li>\n\n\n\n<li>HEID: FZV, FZND, MZZ, MLZ, FOZ, MZOUL<\/li>\n\n\n\n<li>STROMAG: ZAA, ZBA, ZCB, ZDB, ZEA, ZGB, EZA, EZB, EZD, EZE, EZL, EZM, EZX, EDE, E<\/li>\n\n\n\n<li>ORTLINGHAUS: 0-012, 0-013<\/li>\n\n\n\n<li>BINDER MAGNETE: 82.052, 84.053<\/li>\n\n\n\n<li>ZF: EK-ER, EKD, EKR, EK, EK..BZS<\/li>\n<\/ul>\n\n\n\n<div style=\"height:75px\" aria-hidden=\"true\" class=\"wp-block-spacer\"><\/div>\n\n\n\n<h2 class=\"wp-block-heading\">Spare parts for machines tools<\/h2>\n\n\n\n<h5 class=\"wp-block-heading\">Transmissions<\/h5>\n\n\n\n<ul class=\"wp-block-list\">\n<li>STRAIGHT-TOOTHED CONICAL<\/li>\n\n\n\n<li>CONICAL WITH OBLIQUE TEETH<\/li>\n\n\n\n<li>CONICAL WITH CURVED TEETH<\/li>\n\n\n\n<li>SCREW<\/li>\n\n\n\n<li>SCREW<\/li>\n<\/ul>\n\n\n\n<div style=\"height:75px\" aria-hidden=\"true\" class=\"wp-block-spacer\"><\/div>\n\n\n\n<h5 class=\"wp-block-heading\">Bevel gears<\/h5>\n\n\n\n<ul class=\"wp-block-list\">\n<li>OBLIQUE TEETH<\/li>\n\n\n\n<li>CURVILINEAR<\/li>\n\n\n\n<li>FLAT<\/li>\n\n\n\n<li>STRAIGHT<\/li>\n<\/ul>\n\n\n\n<div style=\"height:75px\" aria-hidden=\"true\" class=\"wp-block-spacer\"><\/div>\n\n\n\n<h5 class=\"wp-block-heading\">Spur gears<\/h5>\n\n\n\n<ul class=\"wp-block-list\">\n<li>OBLIQUE TEETH<\/li>\n\n\n\n<li>CANOPY<\/li>\n\n\n\n<li>STRAIGHT WITH INTERNAL TEETH<\/li>\n\n\n\n<li>SPROCKETS<\/li>\n<\/ul>\n\n\n\n<div style=\"height:75px\" aria-hidden=\"true\" class=\"wp-block-spacer\"><\/div>\n\n\n\n<h5 class=\"wp-block-heading\">Shafts, Sleeves, Spindles, Screws, Mandrels<\/h5>\n\n\n\n<div style=\"height:75px\" aria-hidden=\"true\" class=\"wp-block-spacer\"><\/div>\n\n\n\n<h2 class=\"wp-block-heading\">Accesories<\/h2>\n\n\n\n<ul class=\"wp-block-list\">\n<li>MACHINE LAMPS<\/li>\n\n\n\n<li>MACHINE COVERS<\/li>\n\n\n\n<li>VIBRATION ISOLATORS<\/li>\n\n\n\n<li>SETTING WEDGES<\/li>\n\n\n\n<li>OIL LEVEL GAUGES<\/li>\n\n\n\n<li>BEARINGS<\/li>\n\n\n\n<li>MEASURING RULES<\/li>\n\n\n\n<li>COOLANT HOSES<\/li>\n<\/ul>\n\n\n\n<div style=\"height:75px\" aria-hidden=\"true\" class=\"wp-block-spacer\"><\/div>\n\n\n\n<h2 class=\"wp-block-heading\">Machine tooling<\/h2>\n\n\n\n<ul class=\"wp-block-list\">\n<li>LATHE CHUCKS<\/li>\n\n\n\n<li>HEADS<\/li>\n\n\n\n<li>IMAKI MULTIFIX<\/li>\n\n\n\n<li>RESTRESS<\/li>\n\n\n\n<li>MAGNETIC TABLES<\/li>\n\n\n\n<li>SUBPARTMENTS<\/li>\n<\/ul>\n\n\n\n<p><\/p>","protected":false},"excerpt":{"rendered":"<p>Pompy: Pompy hydrauliczne Elektropompki do ch\u0142odziwa Pompy olejowe do tokarek Sprz\u0119g\u0142a i hamulce: Sprz\u0119g\u0142a mechaniczne wielop\u0142ytkowe Sprz\u0119g\u0142a hydrauliczne Sprz\u0119g\u0142a elektromagnetyczne wielop\u0142ytkowe Sprz\u0119g\u0142a elektromagnetyczne z\u0119bate Cz\u0119\u015bci zamienne do obrabiarek Przek\u0142adnie z\u0119bate Przek\u0142adnie z\u0119bate sto\u017ckowe Przek\u0142adnie z\u0119bate walcowe Wa\u0142y, tuleje, wrzeciona, \u015bruby i nakr\u0119tki, trzpienie Akcesoria Oprzyrz\u0105dowanie<\/p>","protected":false},"author":1,"featured_media":0,"parent":0,"menu_order":0,"comment_status":"closed","ping_status":"closed","template":"","meta":{"_uag_custom_page_level_css":"","site-sidebar-layout":"default","site-content-layout":"","ast-site-content-layout":"default","site-content-style":"default","site-sidebar-style":"default","ast-global-header-display":"","ast-banner-title-visibility":"","ast-main-header-display":"","ast-hfb-above-header-display":"","ast-hfb-below-header-display":"","ast-hfb-mobile-header-display":"","site-post-title":"disabled","ast-breadcrumbs-content":"","ast-featured-img":"","footer-sml-layout":"","ast-disable-related-posts":"","theme-transparent-header-meta":"","adv-header-id-meta":"","stick-header-meta":"","header-above-stick-meta":"","header-main-stick-meta":"","header-below-stick-meta":"","astra-migrate-meta-layouts":"set","ast-page-background-enabled":"default","ast-page-background-meta":{"desktop":{"background-color":"","background-image":"","background-repeat":"repeat","background-position":"center center","background-size":"auto","background-attachment":"scroll","background-type":"","background-media":"","overlay-type":"","overlay-color":"","overlay-opacity":"","overlay-gradient":""},"tablet":{"background-color":"","background-image":"","background-repeat":"repeat","background-position":"center center","background-size":"auto","background-attachment":"scroll","background-type":"","background-media":"","overlay-type":"","overlay-color":"","overlay-opacity":"","overlay-gradient":""},"mobile":{"background-color":"","background-image":"","background-repeat":"repeat","background-position":"center center","background-size":"auto","background-attachment":"scroll","background-type":"","background-media":"","overlay-type":"","overlay-color":"","overlay-opacity":"","overlay-gradient":""}},"ast-content-background-meta":{"desktop":{"background-color":"var(--ast-global-color-5)","background-image":"","background-repeat":"repeat","background-position":"center center","background-size":"auto","background-attachment":"scroll","background-type":"","background-media":"","overlay-type":"","overlay-color":"","overlay-opacity":"","overlay-gradient":""},"tablet":{"background-color":"var(--ast-global-color-5)","background-image":"","background-repeat":"repeat","background-position":"center center","background-size":"auto","background-attachment":"scroll","background-type":"","background-media":"","overlay-type":"","overlay-color":"","overlay-opacity":"","overlay-gradient":""},"mobile":{"background-color":"var(--ast-global-color-5)","background-image":"","background-repeat":"repeat","background-position":"center center","background-size":"auto","background-attachment":"scroll","background-type":"","background-media":"","overlay-type":"","overlay-color":"","overlay-opacity":"","overlay-gradient":""}},"footnotes":""},"class_list":["post-1710","page","type-page","status-publish","hentry"],"aioseo_notices":[],"yoast_head":"<!-- This site is optimized with the Yoast SEO plugin v27.4 - https:\/\/yoast.com\/product\/yoast-seo-wordpress\/ -->\n<title>Produkty - https:\/\/ramet.biz<\/title>\n<meta name=\"robots\" content=\"index, follow, max-snippet:-1, max-image-preview:large, max-video-preview:-1\" \/>\n<link rel=\"canonical\" href=\"https:\/\/ramet.biz\/en\/produkty\/\" \/>\n<meta property=\"og:locale\" content=\"en_US\" \/>\n<meta property=\"og:type\" content=\"article\" \/>\n<meta property=\"og:title\" content=\"Produkty - https:\/\/ramet.biz\" \/>\n<meta property=\"og:description\" content=\"Pompy: Pompy hydrauliczne Elektropompki do ch\u0142odziwa Pompy olejowe do tokarek Sprz\u0119g\u0142a i hamulce: Sprz\u0119g\u0142a mechaniczne wielop\u0142ytkowe Sprz\u0119g\u0142a hydrauliczne Sprz\u0119g\u0142a elektromagnetyczne wielop\u0142ytkowe Sprz\u0119g\u0142a elektromagnetyczne z\u0119bate Cz\u0119\u015bci zamienne do obrabiarek Przek\u0142adnie z\u0119bate Przek\u0142adnie z\u0119bate sto\u017ckowe Przek\u0142adnie z\u0119bate walcowe Wa\u0142y, tuleje, wrzeciona, \u015bruby i nakr\u0119tki, trzpienie Akcesoria Oprzyrz\u0105dowanie\" \/>\n<meta property=\"og:url\" content=\"https:\/\/ramet.biz\/en\/produkty\/\" \/>\n<meta property=\"og:site_name\" content=\"https:\/\/ramet.biz\" \/>\n<meta property=\"article:modified_time\" content=\"2025-11-18T16:08:21+00:00\" \/>\n<meta name=\"twitter:card\" content=\"summary_large_image\" \/>\n<script type=\"application\/ld+json\" class=\"yoast-schema-graph\">{\"@context\":\"https:\\\/\\\/schema.org\",\"@graph\":[{\"@type\":\"WebPage\",\"@id\":\"https:\\\/\\\/ramet.biz\\\/produkty\\\/\",\"url\":\"https:\\\/\\\/ramet.biz\\\/produkty\\\/\",\"name\":\"Produkty - https:\\\/\\\/ramet.biz\",\"isPartOf\":{\"@id\":\"https:\\\/\\\/ramet.biz\\\/#website\"},\"datePublished\":\"2025-11-18T13:20:47+00:00\",\"dateModified\":\"2025-11-18T16:08:21+00:00\",\"breadcrumb\":{\"@id\":\"https:\\\/\\\/ramet.biz\\\/produkty\\\/#breadcrumb\"},\"inLanguage\":\"en-US\",\"potentialAction\":[{\"@type\":\"ReadAction\",\"target\":[\"https:\\\/\\\/ramet.biz\\\/produkty\\\/\"]}]},{\"@type\":\"BreadcrumbList\",\"@id\":\"https:\\\/\\\/ramet.biz\\\/produkty\\\/#breadcrumb\",\"itemListElement\":[{\"@type\":\"ListItem\",\"position\":1,\"name\":\"Strona g\u0142\u00f3wna\",\"item\":\"https:\\\/\\\/ramet.biz\\\/\"},{\"@type\":\"ListItem\",\"position\":2,\"name\":\"Produkty\"}]},{\"@type\":\"WebSite\",\"@id\":\"https:\\\/\\\/ramet.biz\\\/#website\",\"url\":\"https:\\\/\\\/ramet.biz\\\/\",\"name\":\"https:\\\/\\\/ramet.biz\",\"description\":\"\",\"publisher\":{\"@id\":\"https:\\\/\\\/ramet.biz\\\/#organization\"},\"potentialAction\":[{\"@type\":\"SearchAction\",\"target\":{\"@type\":\"EntryPoint\",\"urlTemplate\":\"https:\\\/\\\/ramet.biz\\\/?s={search_term_string}\"},\"query-input\":{\"@type\":\"PropertyValueSpecification\",\"valueRequired\":true,\"valueName\":\"search_term_string\"}}],\"inLanguage\":\"en-US\"},{\"@type\":\"Organization\",\"@id\":\"https:\\\/\\\/ramet.biz\\\/#organization\",\"name\":\"https:\\\/\\\/ramet.biz\",\"url\":\"https:\\\/\\\/ramet.biz\\\/\",\"logo\":{\"@type\":\"ImageObject\",\"inLanguage\":\"en-US\",\"@id\":\"https:\\\/\\\/ramet.biz\\\/#\\\/schema\\\/logo\\\/image\\\/\",\"url\":\"https:\\\/\\\/ramet.biz\\\/wp-content\\\/uploads\\\/2025\\\/11\\\/cropped-xlogo.png.pagespeed.ic_.yN8S04dPnT.webp\",\"contentUrl\":\"https:\\\/\\\/ramet.biz\\\/wp-content\\\/uploads\\\/2025\\\/11\\\/cropped-xlogo.png.pagespeed.ic_.yN8S04dPnT.webp\",\"width\":306,\"height\":90,\"caption\":\"https:\\\/\\\/ramet.biz\"},\"image\":{\"@id\":\"https:\\\/\\\/ramet.biz\\\/#\\\/schema\\\/logo\\\/image\\\/\"}}]}<\/script>\n<!-- \/ Yoast SEO plugin. -->","yoast_head_json":{"title":"Produkty - https:\/\/ramet.biz","robots":{"index":"index","follow":"follow","max-snippet":"max-snippet:-1","max-image-preview":"max-image-preview:large","max-video-preview":"max-video-preview:-1"},"canonical":"https:\/\/ramet.biz\/en\/produkty\/","og_locale":"en_US","og_type":"article","og_title":"Produkty - https:\/\/ramet.biz","og_description":"Pompy: Pompy hydrauliczne Elektropompki do ch\u0142odziwa Pompy olejowe do tokarek Sprz\u0119g\u0142a i hamulce: Sprz\u0119g\u0142a mechaniczne wielop\u0142ytkowe Sprz\u0119g\u0142a hydrauliczne Sprz\u0119g\u0142a elektromagnetyczne wielop\u0142ytkowe Sprz\u0119g\u0142a elektromagnetyczne z\u0119bate Cz\u0119\u015bci zamienne do obrabiarek Przek\u0142adnie z\u0119bate Przek\u0142adnie z\u0119bate sto\u017ckowe Przek\u0142adnie z\u0119bate walcowe Wa\u0142y, tuleje, wrzeciona, \u015bruby i nakr\u0119tki, trzpienie Akcesoria Oprzyrz\u0105dowanie","og_url":"https:\/\/ramet.biz\/en\/produkty\/","og_site_name":"https:\/\/ramet.biz","article_modified_time":"2025-11-18T16:08:21+00:00","twitter_card":"summary_large_image","schema":{"@context":"https:\/\/schema.org","@graph":[{"@type":"WebPage","@id":"https:\/\/ramet.biz\/produkty\/","url":"https:\/\/ramet.biz\/produkty\/","name":"Produkty - https:\/\/ramet.biz","isPartOf":{"@id":"https:\/\/ramet.biz\/#website"},"datePublished":"2025-11-18T13:20:47+00:00","dateModified":"2025-11-18T16:08:21+00:00","breadcrumb":{"@id":"https:\/\/ramet.biz\/produkty\/#breadcrumb"},"inLanguage":"en-US","potentialAction":[{"@type":"ReadAction","target":["https:\/\/ramet.biz\/produkty\/"]}]},{"@type":"BreadcrumbList","@id":"https:\/\/ramet.biz\/produkty\/#breadcrumb","itemListElement":[{"@type":"ListItem","position":1,"name":"Strona g\u0142\u00f3wna","item":"https:\/\/ramet.biz\/"},{"@type":"ListItem","position":2,"name":"Produkty"}]},{"@type":"WebSite","@id":"https:\/\/ramet.biz\/#website","url":"https:\/\/ramet.biz\/","name":"https:\/\/ramet.biz","description":"","publisher":{"@id":"https:\/\/ramet.biz\/#organization"},"potentialAction":[{"@type":"SearchAction","target":{"@type":"EntryPoint","urlTemplate":"https:\/\/ramet.biz\/?s={search_term_string}"},"query-input":{"@type":"PropertyValueSpecification","valueRequired":true,"valueName":"search_term_string"}}],"inLanguage":"en-US"},{"@type":"Organization","@id":"https:\/\/ramet.biz\/#organization","name":"https:\/\/ramet.biz","url":"https:\/\/ramet.biz\/","logo":{"@type":"ImageObject","inLanguage":"en-US","@id":"https:\/\/ramet.biz\/#\/schema\/logo\/image\/","url":"https:\/\/ramet.biz\/wp-content\/uploads\/2025\/11\/cropped-xlogo.png.pagespeed.ic_.yN8S04dPnT.webp","contentUrl":"https:\/\/ramet.biz\/wp-content\/uploads\/2025\/11\/cropped-xlogo.png.pagespeed.ic_.yN8S04dPnT.webp","width":306,"height":90,"caption":"https:\/\/ramet.biz"},"image":{"@id":"https:\/\/ramet.biz\/#\/schema\/logo\/image\/"}}]}},"_hostinger_reach_plugin_has_subscription_block":false,"_hostinger_reach_plugin_is_elementor":false,"uagb_featured_image_src":{"full":false,"thumbnail":false,"medium":false,"medium_large":false,"large":false,"1536x1536":false,"2048x2048":false,"trp-custom-language-flag":false},"uagb_author_info":{"display_name":"zborowskaart@gmail.com","author_link":"https:\/\/ramet.biz\/en\/author\/zborowskaartgmail-com\/"},"uagb_comment_info":0,"uagb_excerpt":"Pompy: Pompy hydrauliczne Elektropompki do ch\u0142odziwa Pompy olejowe do tokarek Sprz\u0119g\u0142a i hamulce: Sprz\u0119g\u0142a mechaniczne wielop\u0142ytkowe Sprz\u0119g\u0142a hydrauliczne Sprz\u0119g\u0142a elektromagnetyczne wielop\u0142ytkowe Sprz\u0119g\u0142a elektromagnetyczne z\u0119bate Cz\u0119\u015bci zamienne do obrabiarek Przek\u0142adnie z\u0119bate Przek\u0142adnie z\u0119bate sto\u017ckowe Przek\u0142adnie z\u0119bate walcowe Wa\u0142y, tuleje, wrzeciona, \u015bruby i nakr\u0119tki, trzpienie Akcesoria Oprzyrz\u0105dowanie","_links":{"self":[{"href":"https:\/\/ramet.biz\/en\/wp-json\/wp\/v2\/pages\/1710","targetHints":{"allow":["GET"]}}],"collection":[{"href":"https:\/\/ramet.biz\/en\/wp-json\/wp\/v2\/pages"}],"about":[{"href":"https:\/\/ramet.biz\/en\/wp-json\/wp\/v2\/types\/page"}],"author":[{"embeddable":true,"href":"https:\/\/ramet.biz\/en\/wp-json\/wp\/v2\/users\/1"}],"replies":[{"embeddable":true,"href":"https:\/\/ramet.biz\/en\/wp-json\/wp\/v2\/comments?post=1710"}],"version-history":[{"count":13,"href":"https:\/\/ramet.biz\/en\/wp-json\/wp\/v2\/pages\/1710\/revisions"}],"predecessor-version":[{"id":1756,"href":"https:\/\/ramet.biz\/en\/wp-json\/wp\/v2\/pages\/1710\/revisions\/1756"}],"wp:attachment":[{"href":"https:\/\/ramet.biz\/en\/wp-json\/wp\/v2\/media?parent=1710"}],"curies":[{"name":"wp","href":"https:\/\/api.w.org\/{rel}","templated":true}]}}