{"id":1400,"date":"2025-11-06T10:12:54","date_gmt":"2025-11-06T10:12:54","guid":{"rendered":"https:\/\/ramet.biz\/services\/"},"modified":"2025-11-18T13:18:38","modified_gmt":"2025-11-18T13:18:38","slug":"maszyny","status":"publish","type":"page","link":"https:\/\/ramet.biz\/en\/maszyny\/","title":{"rendered":"Machines"},"content":{"rendered":"<div class=\"wp-block-uagb-container uagb-block-e0b5113b alignfull uagb-is-root-container\"><div class=\"uagb-container-inner-blocks-wrap\">\n<div class=\"wp-block-uagb-advanced-heading uagb-block-30d124f2\"><h1 class=\"uagb-heading-text\">Machines<\/h1><\/div>\n<\/div><\/div>\n\n\n\n<div class=\"wp-block-uagb-container uagb-block-cc481d13 alignfull uagb-is-root-container\"><div class=\"uagb-container-inner-blocks-wrap\">\n<h5 class=\"wp-block-heading has-text-align-center has-ast-global-color-0-color has-text-color has-link-color wp-elements-0bffa700ec0757f60eafdf60b202cf22\">We deal with export, import and domestic sales of machinery and equipment for the machine tool industry. <\/h5>\n\n\n\n<h2 class=\"wp-block-heading has-text-align-center\">We offer, among others:<\/h2>\n<\/div><\/div>\n\n\n\n<div class=\"wp-block-group is-layout-constrained wp-block-group-is-layout-constrained\">\n<div class=\"wp-block-uagb-advanced-heading uagb-block-9fbcf109\"><h2 class=\"uagb-heading-text\">Lathes<\/h2><\/div>\n\n\n\n<div class=\"wp-block-group is-nowrap is-layout-flex wp-container-core-group-is-layout-6c531013 wp-block-group-is-layout-flex\">\n<header class=\"wp-block-uagb-container uagb-block-f28db35e alignwide uagb-is-root-container\">\n<div class=\"wp-block-group is-nowrap is-layout-flex wp-container-core-group-is-layout-6c531013 wp-block-group-is-layout-flex\">\n<figure class=\"wp-block-gallery has-nested-images columns-default is-cropped wp-block-gallery-1 is-layout-flex wp-block-gallery-is-layout-flex\">\n<figure class=\"wp-block-image size-large\"><img loading=\"lazy\" decoding=\"async\" width=\"520\" height=\"620\" data-id=\"1698\" src=\"https:\/\/ramet.biz\/wp-content\/uploads\/2025\/11\/x2.jpg.pagespeed.ic_.xbJIkA_eh_-1.webp\" alt=\"\" class=\"wp-image-1698\" srcset=\"https:\/\/ramet.biz\/wp-content\/uploads\/2025\/11\/x2.jpg.pagespeed.ic_.xbJIkA_eh_-1.webp 520w, https:\/\/ramet.biz\/wp-content\/uploads\/2025\/11\/x2.jpg.pagespeed.ic_.xbJIkA_eh_-1-252x300.webp 252w\" sizes=\"auto, (max-width: 520px) 100vw, 520px\" \/><\/figure>\n\n\n\n<figure class=\"wp-block-image size-large\"><img loading=\"lazy\" decoding=\"async\" width=\"520\" height=\"620\" data-id=\"1699\" src=\"https:\/\/ramet.biz\/wp-content\/uploads\/2025\/11\/x1.jpg.pagespeed.ic_.Oslu6Ep1gP-1.webp\" alt=\"\" class=\"wp-image-1699\" srcset=\"https:\/\/ramet.biz\/wp-content\/uploads\/2025\/11\/x1.jpg.pagespeed.ic_.Oslu6Ep1gP-1.webp 520w, https:\/\/ramet.biz\/wp-content\/uploads\/2025\/11\/x1.jpg.pagespeed.ic_.Oslu6Ep1gP-1-252x300.webp 252w\" sizes=\"auto, (max-width: 520px) 100vw, 520px\" \/><\/figure>\n<\/figure>\n<\/div>\n<\/header>\n<\/div>\n<\/div>\n\n\n\n<div class=\"wp-block-group is-layout-constrained wp-block-group-is-layout-constrained\">\n<div class=\"wp-block-uagb-advanced-heading uagb-block-ad93f8c0\"><h2 class=\"uagb-heading-text\">Drills<\/h2><\/div>\n\n\n\n<div class=\"wp-block-group is-nowrap is-layout-flex wp-container-core-group-is-layout-6c531013 wp-block-group-is-layout-flex\">\n<header class=\"wp-block-uagb-container uagb-block-c7c82d66 alignwide uagb-is-root-container\">\n<div class=\"wp-block-group is-nowrap is-layout-flex wp-container-core-group-is-layout-6c531013 wp-block-group-is-layout-flex\">\n<figure class=\"wp-block-gallery has-nested-images columns-default is-cropped wp-block-gallery-2 is-layout-flex wp-block-gallery-is-layout-flex\">\n<figure class=\"wp-block-image size-full\"><img loading=\"lazy\" decoding=\"async\" width=\"520\" height=\"620\" data-id=\"1700\" src=\"https:\/\/ramet.biz\/wp-content\/uploads\/2025\/11\/x1.jpg.pagespeed.ic_.LpGiP7ccuQ.webp\" alt=\"\" class=\"wp-image-1700\" srcset=\"https:\/\/ramet.biz\/wp-content\/uploads\/2025\/11\/x1.jpg.pagespeed.ic_.LpGiP7ccuQ.webp 520w, https:\/\/ramet.biz\/wp-content\/uploads\/2025\/11\/x1.jpg.pagespeed.ic_.LpGiP7ccuQ-252x300.webp 252w\" sizes=\"auto, (max-width: 520px) 100vw, 520px\" \/><\/figure>\n\n\n\n<figure class=\"wp-block-image size-full\"><img loading=\"lazy\" decoding=\"async\" width=\"520\" height=\"620\" data-id=\"1701\" src=\"https:\/\/ramet.biz\/wp-content\/uploads\/2025\/11\/x2.jpg.pagespeed.ic_.EQl3RKiHDv.webp\" alt=\"\" class=\"wp-image-1701\" srcset=\"https:\/\/ramet.biz\/wp-content\/uploads\/2025\/11\/x2.jpg.pagespeed.ic_.EQl3RKiHDv.webp 520w, https:\/\/ramet.biz\/wp-content\/uploads\/2025\/11\/x2.jpg.pagespeed.ic_.EQl3RKiHDv-252x300.webp 252w\" sizes=\"auto, (max-width: 520px) 100vw, 520px\" \/><\/figure>\n<\/figure>\n<\/div>\n<\/header>\n<\/div>\n<\/div>\n\n\n\n<div class=\"wp-block-group is-layout-constrained wp-block-group-is-layout-constrained\">\n<div class=\"wp-block-uagb-advanced-heading uagb-block-4b43e164\"><h2 class=\"uagb-heading-text\">Grinders<\/h2><\/div>\n\n\n\n<div class=\"wp-block-group is-nowrap is-layout-flex wp-container-core-group-is-layout-6c531013 wp-block-group-is-layout-flex\">\n<header class=\"wp-block-uagb-container uagb-block-341cfd8f alignwide uagb-is-root-container\">\n<div class=\"wp-block-group is-nowrap is-layout-flex wp-container-core-group-is-layout-6c531013 wp-block-group-is-layout-flex\">\n<figure class=\"wp-block-gallery has-nested-images columns-default is-cropped wp-block-gallery-3 is-layout-flex wp-block-gallery-is-layout-flex\">\n<figure class=\"wp-block-image size-full\"><img loading=\"lazy\" decoding=\"async\" width=\"520\" height=\"620\" data-id=\"1703\" src=\"https:\/\/ramet.biz\/wp-content\/uploads\/2025\/11\/x1.jpg.pagespeed.ic_.gYVFX3eYVP.webp\" alt=\"\" class=\"wp-image-1703\" srcset=\"https:\/\/ramet.biz\/wp-content\/uploads\/2025\/11\/x1.jpg.pagespeed.ic_.gYVFX3eYVP.webp 520w, https:\/\/ramet.biz\/wp-content\/uploads\/2025\/11\/x1.jpg.pagespeed.ic_.gYVFX3eYVP-252x300.webp 252w\" sizes=\"auto, (max-width: 520px) 100vw, 520px\" \/><\/figure>\n\n\n\n<figure class=\"wp-block-image size-full\"><img loading=\"lazy\" decoding=\"async\" width=\"520\" height=\"620\" data-id=\"1704\" src=\"https:\/\/ramet.biz\/wp-content\/uploads\/2025\/11\/x2.jpg.pagespeed.ic_.DDN7yl2H3v.webp\" alt=\"\" class=\"wp-image-1704\" srcset=\"https:\/\/ramet.biz\/wp-content\/uploads\/2025\/11\/x2.jpg.pagespeed.ic_.DDN7yl2H3v.webp 520w, https:\/\/ramet.biz\/wp-content\/uploads\/2025\/11\/x2.jpg.pagespeed.ic_.DDN7yl2H3v-252x300.webp 252w\" sizes=\"auto, (max-width: 520px) 100vw, 520px\" \/><\/figure>\n<\/figure>\n<\/div>\n<\/header>\n<\/div>\n<\/div>\n\n\n\n<div class=\"wp-block-group is-layout-constrained wp-block-group-is-layout-constrained\">\n<div class=\"wp-block-uagb-advanced-heading uagb-block-efbc03e9\"><h2 class=\"uagb-heading-text\">Milling machines<\/h2><\/div>\n\n\n\n<div class=\"wp-block-group is-nowrap is-layout-flex wp-container-core-group-is-layout-6c531013 wp-block-group-is-layout-flex\">\n<header class=\"wp-block-uagb-container uagb-block-c64285ff alignwide uagb-is-root-container\">\n<div class=\"wp-block-group is-nowrap is-layout-flex wp-container-core-group-is-layout-6c531013 wp-block-group-is-layout-flex\">\n<figure class=\"wp-block-gallery has-nested-images columns-default is-cropped wp-block-gallery-4 is-layout-flex wp-block-gallery-is-layout-flex\">\n<figure class=\"wp-block-image size-full\"><img loading=\"lazy\" decoding=\"async\" width=\"520\" height=\"620\" data-id=\"1707\" src=\"https:\/\/ramet.biz\/wp-content\/uploads\/2025\/11\/x2.jpg.pagespeed.ic_.JKFV4AQWk0-1-1.webp\" alt=\"\" class=\"wp-image-1707\" srcset=\"https:\/\/ramet.biz\/wp-content\/uploads\/2025\/11\/x2.jpg.pagespeed.ic_.JKFV4AQWk0-1-1.webp 520w, https:\/\/ramet.biz\/wp-content\/uploads\/2025\/11\/x2.jpg.pagespeed.ic_.JKFV4AQWk0-1-1-252x300.webp 252w\" sizes=\"auto, (max-width: 520px) 100vw, 520px\" \/><\/figure>\n\n\n\n<figure class=\"wp-block-image size-full\"><img loading=\"lazy\" decoding=\"async\" width=\"520\" height=\"620\" data-id=\"1708\" src=\"https:\/\/ramet.biz\/wp-content\/uploads\/2025\/11\/x1.jpg.pagespeed.ic_.NS-c11uu5Y.webp\" alt=\"\" class=\"wp-image-1708\" srcset=\"https:\/\/ramet.biz\/wp-content\/uploads\/2025\/11\/x1.jpg.pagespeed.ic_.NS-c11uu5Y.webp 520w, https:\/\/ramet.biz\/wp-content\/uploads\/2025\/11\/x1.jpg.pagespeed.ic_.NS-c11uu5Y-252x300.webp 252w\" sizes=\"auto, (max-width: 520px) 100vw, 520px\" \/><\/figure>\n<\/figure>\n<\/div>\n<\/header>\n<\/div>\n<\/div>","protected":false},"excerpt":{"rendered":"<p>Maszyny Firma RAMET zajmuje si\u0119 eksportem, importem oraz sprzeda\u017c\u0105 krajow\u0105 maszyn i urz\u0105dze\u0144 przemys\u0142u obrabiarkowego. Oferujemy mi\u0119dzy innymi: Tokarki Wiertarki Szlifierki Frezarki<\/p>","protected":false},"author":1,"featured_media":0,"parent":0,"menu_order":0,"comment_status":"closed","ping_status":"closed","template":"","meta":{"_uag_custom_page_level_css":"","site-sidebar-layout":"default","site-content-layout":"page-builder","ast-site-content-layout":"full-width-container","site-content-style":"unboxed","site-sidebar-style":"unboxed","ast-global-header-display":"","ast-banner-title-visibility":"","ast-main-header-display":"","ast-hfb-above-header-display":"","ast-hfb-below-header-display":"","ast-hfb-mobile-header-display":"","site-post-title":"disabled","ast-breadcrumbs-content":"","ast-featured-img":"","footer-sml-layout":"","ast-disable-related-posts":"","theme-transparent-header-meta":"","adv-header-id-meta":"","stick-header-meta":"","header-above-stick-meta":"","header-main-stick-meta":"","header-below-stick-meta":"","astra-migrate-meta-layouts":"set","ast-page-background-enabled":"default","ast-page-background-meta":{"desktop":{"background-color":"","background-image":"","background-repeat":"repeat","background-position":"center center","background-size":"auto","background-attachment":"scroll","background-type":"","background-media":"","overlay-type":"","overlay-color":"","overlay-opacity":"","overlay-gradient":""},"tablet":{"background-color":"","background-image":"","background-repeat":"repeat","background-position":"center center","background-size":"auto","background-attachment":"scroll","background-type":"","background-media":"","overlay-type":"","overlay-color":"","overlay-opacity":"","overlay-gradient":""},"mobile":{"background-color":"","background-image":"","background-repeat":"repeat","background-position":"center center","background-size":"auto","background-attachment":"scroll","background-type":"","background-media":"","overlay-type":"","overlay-color":"","overlay-opacity":"","overlay-gradient":""}},"ast-content-background-meta":{"desktop":{"background-color":"var(--ast-global-color-5)","background-image":"","background-repeat":"repeat","background-position":"center center","background-size":"auto","background-attachment":"scroll","background-type":"","background-media":"","overlay-type":"","overlay-color":"","overlay-opacity":"","overlay-gradient":""},"tablet":{"background-color":"var(--ast-global-color-5)","background-image":"","background-repeat":"repeat","background-position":"center center","background-size":"auto","background-attachment":"scroll","background-type":"","background-media":"","overlay-type":"","overlay-color":"","overlay-opacity":"","overlay-gradient":""},"mobile":{"background-color":"var(--ast-global-color-5)","background-image":"","background-repeat":"repeat","background-position":"center center","background-size":"auto","background-attachment":"scroll","background-type":"","background-media":"","overlay-type":"","overlay-color":"","overlay-opacity":"","overlay-gradient":""}},"footnotes":""},"class_list":["post-1400","page","type-page","status-publish","hentry"],"aioseo_notices":[],"yoast_head":"<!-- This site is optimized with the Yoast SEO plugin v27.4 - https:\/\/yoast.com\/product\/yoast-seo-wordpress\/ -->\n<title>Maszyny - https:\/\/ramet.biz<\/title>\n<meta name=\"robots\" content=\"index, follow, max-snippet:-1, max-image-preview:large, max-video-preview:-1\" \/>\n<link rel=\"canonical\" href=\"https:\/\/ramet.biz\/en\/maszyny\/\" \/>\n<meta property=\"og:locale\" content=\"en_US\" \/>\n<meta property=\"og:type\" content=\"article\" \/>\n<meta property=\"og:title\" content=\"Maszyny - https:\/\/ramet.biz\" \/>\n<meta property=\"og:description\" content=\"Maszyny Firma RAMET zajmuje si\u0119 eksportem, importem oraz sprzeda\u017c\u0105 krajow\u0105 maszyn i urz\u0105dze\u0144 przemys\u0142u obrabiarkowego. Oferujemy mi\u0119dzy innymi: Tokarki Wiertarki Szlifierki Frezarki\" \/>\n<meta property=\"og:url\" content=\"https:\/\/ramet.biz\/en\/maszyny\/\" \/>\n<meta property=\"og:site_name\" content=\"https:\/\/ramet.biz\" \/>\n<meta property=\"article:modified_time\" content=\"2025-11-18T13:18:38+00:00\" \/>\n<meta property=\"og:image\" content=\"https:\/\/ramet.biz\/wp-content\/uploads\/2025\/11\/x2.jpg.pagespeed.ic_.xbJIkA_eh_-1.webp\" \/>\n<meta name=\"twitter:card\" content=\"summary_large_image\" \/>\n<meta name=\"twitter:label1\" content=\"Est. reading time\" \/>\n\t<meta name=\"twitter:data1\" content=\"2 minutes\" \/>\n<script type=\"application\/ld+json\" class=\"yoast-schema-graph\">{\"@context\":\"https:\\\/\\\/schema.org\",\"@graph\":[{\"@type\":\"WebPage\",\"@id\":\"https:\\\/\\\/ramet.biz\\\/maszyny\\\/\",\"url\":\"https:\\\/\\\/ramet.biz\\\/maszyny\\\/\",\"name\":\"Maszyny - https:\\\/\\\/ramet.biz\",\"isPartOf\":{\"@id\":\"https:\\\/\\\/ramet.biz\\\/#website\"},\"primaryImageOfPage\":{\"@id\":\"https:\\\/\\\/ramet.biz\\\/maszyny\\\/#primaryimage\"},\"image\":{\"@id\":\"https:\\\/\\\/ramet.biz\\\/maszyny\\\/#primaryimage\"},\"thumbnailUrl\":\"https:\\\/\\\/ramet.biz\\\/wp-content\\\/uploads\\\/2025\\\/11\\\/x2.jpg.pagespeed.ic_.xbJIkA_eh_-1.webp\",\"datePublished\":\"2025-11-06T10:12:54+00:00\",\"dateModified\":\"2025-11-18T13:18:38+00:00\",\"breadcrumb\":{\"@id\":\"https:\\\/\\\/ramet.biz\\\/maszyny\\\/#breadcrumb\"},\"inLanguage\":\"en-US\",\"potentialAction\":[{\"@type\":\"ReadAction\",\"target\":[\"https:\\\/\\\/ramet.biz\\\/maszyny\\\/\"]}]},{\"@type\":\"ImageObject\",\"inLanguage\":\"en-US\",\"@id\":\"https:\\\/\\\/ramet.biz\\\/maszyny\\\/#primaryimage\",\"url\":\"https:\\\/\\\/ramet.biz\\\/wp-content\\\/uploads\\\/2025\\\/11\\\/x2.jpg.pagespeed.ic_.xbJIkA_eh_-1.webp\",\"contentUrl\":\"https:\\\/\\\/ramet.biz\\\/wp-content\\\/uploads\\\/2025\\\/11\\\/x2.jpg.pagespeed.ic_.xbJIkA_eh_-1.webp\"},{\"@type\":\"BreadcrumbList\",\"@id\":\"https:\\\/\\\/ramet.biz\\\/maszyny\\\/#breadcrumb\",\"itemListElement\":[{\"@type\":\"ListItem\",\"position\":1,\"name\":\"Strona g\u0142\u00f3wna\",\"item\":\"https:\\\/\\\/ramet.biz\\\/\"},{\"@type\":\"ListItem\",\"position\":2,\"name\":\"Maszyny\"}]},{\"@type\":\"WebSite\",\"@id\":\"https:\\\/\\\/ramet.biz\\\/#website\",\"url\":\"https:\\\/\\\/ramet.biz\\\/\",\"name\":\"https:\\\/\\\/ramet.biz\",\"description\":\"\",\"publisher\":{\"@id\":\"https:\\\/\\\/ramet.biz\\\/#organization\"},\"potentialAction\":[{\"@type\":\"SearchAction\",\"target\":{\"@type\":\"EntryPoint\",\"urlTemplate\":\"https:\\\/\\\/ramet.biz\\\/?s={search_term_string}\"},\"query-input\":{\"@type\":\"PropertyValueSpecification\",\"valueRequired\":true,\"valueName\":\"search_term_string\"}}],\"inLanguage\":\"en-US\"},{\"@type\":\"Organization\",\"@id\":\"https:\\\/\\\/ramet.biz\\\/#organization\",\"name\":\"https:\\\/\\\/ramet.biz\",\"url\":\"https:\\\/\\\/ramet.biz\\\/\",\"logo\":{\"@type\":\"ImageObject\",\"inLanguage\":\"en-US\",\"@id\":\"https:\\\/\\\/ramet.biz\\\/#\\\/schema\\\/logo\\\/image\\\/\",\"url\":\"https:\\\/\\\/ramet.biz\\\/wp-content\\\/uploads\\\/2025\\\/11\\\/cropped-xlogo.png.pagespeed.ic_.yN8S04dPnT.webp\",\"contentUrl\":\"https:\\\/\\\/ramet.biz\\\/wp-content\\\/uploads\\\/2025\\\/11\\\/cropped-xlogo.png.pagespeed.ic_.yN8S04dPnT.webp\",\"width\":306,\"height\":90,\"caption\":\"https:\\\/\\\/ramet.biz\"},\"image\":{\"@id\":\"https:\\\/\\\/ramet.biz\\\/#\\\/schema\\\/logo\\\/image\\\/\"}}]}<\/script>\n<!-- \/ Yoast SEO plugin. -->","yoast_head_json":{"title":"Maszyny - https:\/\/ramet.biz","robots":{"index":"index","follow":"follow","max-snippet":"max-snippet:-1","max-image-preview":"max-image-preview:large","max-video-preview":"max-video-preview:-1"},"canonical":"https:\/\/ramet.biz\/en\/maszyny\/","og_locale":"en_US","og_type":"article","og_title":"Maszyny - https:\/\/ramet.biz","og_description":"Maszyny Firma RAMET zajmuje si\u0119 eksportem, importem oraz sprzeda\u017c\u0105 krajow\u0105 maszyn i urz\u0105dze\u0144 przemys\u0142u obrabiarkowego. Oferujemy mi\u0119dzy innymi: Tokarki Wiertarki Szlifierki Frezarki","og_url":"https:\/\/ramet.biz\/en\/maszyny\/","og_site_name":"https:\/\/ramet.biz","article_modified_time":"2025-11-18T13:18:38+00:00","og_image":[{"url":"https:\/\/ramet.biz\/wp-content\/uploads\/2025\/11\/x2.jpg.pagespeed.ic_.xbJIkA_eh_-1.webp","type":"","width":"","height":""}],"twitter_card":"summary_large_image","twitter_misc":{"Est. reading time":"2 minutes"},"schema":{"@context":"https:\/\/schema.org","@graph":[{"@type":"WebPage","@id":"https:\/\/ramet.biz\/maszyny\/","url":"https:\/\/ramet.biz\/maszyny\/","name":"Maszyny - https:\/\/ramet.biz","isPartOf":{"@id":"https:\/\/ramet.biz\/#website"},"primaryImageOfPage":{"@id":"https:\/\/ramet.biz\/maszyny\/#primaryimage"},"image":{"@id":"https:\/\/ramet.biz\/maszyny\/#primaryimage"},"thumbnailUrl":"https:\/\/ramet.biz\/wp-content\/uploads\/2025\/11\/x2.jpg.pagespeed.ic_.xbJIkA_eh_-1.webp","datePublished":"2025-11-06T10:12:54+00:00","dateModified":"2025-11-18T13:18:38+00:00","breadcrumb":{"@id":"https:\/\/ramet.biz\/maszyny\/#breadcrumb"},"inLanguage":"en-US","potentialAction":[{"@type":"ReadAction","target":["https:\/\/ramet.biz\/maszyny\/"]}]},{"@type":"ImageObject","inLanguage":"en-US","@id":"https:\/\/ramet.biz\/maszyny\/#primaryimage","url":"https:\/\/ramet.biz\/wp-content\/uploads\/2025\/11\/x2.jpg.pagespeed.ic_.xbJIkA_eh_-1.webp","contentUrl":"https:\/\/ramet.biz\/wp-content\/uploads\/2025\/11\/x2.jpg.pagespeed.ic_.xbJIkA_eh_-1.webp"},{"@type":"BreadcrumbList","@id":"https:\/\/ramet.biz\/maszyny\/#breadcrumb","itemListElement":[{"@type":"ListItem","position":1,"name":"Strona g\u0142\u00f3wna","item":"https:\/\/ramet.biz\/"},{"@type":"ListItem","position":2,"name":"Maszyny"}]},{"@type":"WebSite","@id":"https:\/\/ramet.biz\/#website","url":"https:\/\/ramet.biz\/","name":"https:\/\/ramet.biz","description":"","publisher":{"@id":"https:\/\/ramet.biz\/#organization"},"potentialAction":[{"@type":"SearchAction","target":{"@type":"EntryPoint","urlTemplate":"https:\/\/ramet.biz\/?s={search_term_string}"},"query-input":{"@type":"PropertyValueSpecification","valueRequired":true,"valueName":"search_term_string"}}],"inLanguage":"en-US"},{"@type":"Organization","@id":"https:\/\/ramet.biz\/#organization","name":"https:\/\/ramet.biz","url":"https:\/\/ramet.biz\/","logo":{"@type":"ImageObject","inLanguage":"en-US","@id":"https:\/\/ramet.biz\/#\/schema\/logo\/image\/","url":"https:\/\/ramet.biz\/wp-content\/uploads\/2025\/11\/cropped-xlogo.png.pagespeed.ic_.yN8S04dPnT.webp","contentUrl":"https:\/\/ramet.biz\/wp-content\/uploads\/2025\/11\/cropped-xlogo.png.pagespeed.ic_.yN8S04dPnT.webp","width":306,"height":90,"caption":"https:\/\/ramet.biz"},"image":{"@id":"https:\/\/ramet.biz\/#\/schema\/logo\/image\/"}}]}},"_hostinger_reach_plugin_has_subscription_block":false,"_hostinger_reach_plugin_is_elementor":false,"uagb_featured_image_src":{"full":false,"thumbnail":false,"medium":false,"medium_large":false,"large":false,"1536x1536":false,"2048x2048":false,"trp-custom-language-flag":false},"uagb_author_info":{"display_name":"zborowskaart@gmail.com","author_link":"https:\/\/ramet.biz\/en\/author\/zborowskaartgmail-com\/"},"uagb_comment_info":0,"uagb_excerpt":"Maszyny Firma RAMET zajmuje si\u0119 eksportem, importem oraz sprzeda\u017c\u0105 krajow\u0105 maszyn i urz\u0105dze\u0144 przemys\u0142u obrabiarkowego. Oferujemy mi\u0119dzy innymi: Tokarki Wiertarki Szlifierki Frezarki","_links":{"self":[{"href":"https:\/\/ramet.biz\/en\/wp-json\/wp\/v2\/pages\/1400","targetHints":{"allow":["GET"]}}],"collection":[{"href":"https:\/\/ramet.biz\/en\/wp-json\/wp\/v2\/pages"}],"about":[{"href":"https:\/\/ramet.biz\/en\/wp-json\/wp\/v2\/types\/page"}],"author":[{"embeddable":true,"href":"https:\/\/ramet.biz\/en\/wp-json\/wp\/v2\/users\/1"}],"replies":[{"embeddable":true,"href":"https:\/\/ramet.biz\/en\/wp-json\/wp\/v2\/comments?post=1400"}],"version-history":[{"count":7,"href":"https:\/\/ramet.biz\/en\/wp-json\/wp\/v2\/pages\/1400\/revisions"}],"predecessor-version":[{"id":1709,"href":"https:\/\/ramet.biz\/en\/wp-json\/wp\/v2\/pages\/1400\/revisions\/1709"}],"wp:attachment":[{"href":"https:\/\/ramet.biz\/en\/wp-json\/wp\/v2\/media?parent=1400"}],"curies":[{"name":"wp","href":"https:\/\/api.w.org\/{rel}","templated":true}]}}