{"id":1399,"date":"2025-11-06T10:12:54","date_gmt":"2025-11-06T10:12:54","guid":{"rendered":"https:\/\/ramet.biz\/about-us\/"},"modified":"2025-11-18T18:32:34","modified_gmt":"2025-11-18T18:32:34","slug":"o-nas","status":"publish","type":"page","link":"https:\/\/ramet.biz\/en\/o-nas\/","title":{"rendered":"About Us"},"content":{"rendered":"<div class=\"wp-block-uagb-container uagb-block-15265ce8 alignfull uagb-is-root-container\"><div class=\"uagb-container-inner-blocks-wrap\">\n<div class=\"wp-block-uagb-advanced-heading uagb-block-2983a8e8\"><h1 class=\"uagb-heading-text\">About Us<\/h1><\/div>\n<\/div><\/div>\n\n\n\n<div class=\"wp-block-uagb-container uagb-block-7f272594 alignfull uagb-is-root-container\">\n<div class=\"wp-block-uagb-advanced-heading uagb-block-570c27fb\"><h2 class=\"uagb-heading-text\">Experience and tradition<\/h2><p class=\"uagb-desc-text\">Our company started its operations in <strong>since 2002<\/strong>, specializing in the industry <strong>industrial machines<\/strong>. For over 20 years, we have been consistently developing our offerings, combining technical knowledge, experience, and modern solutions. Thanks to our professionalism and high-quality service, we have earned the trust of clients from across Poland and Europe.<\/p><\/div>\n\n\n\n<div style=\"height:50px\" aria-hidden=\"true\" class=\"wp-block-spacer\"><\/div>\n\n\n\n<div class=\"wp-block-uagb-advanced-heading uagb-block-485cfc46\"><h2 class=\"uagb-heading-text\">Our mission<\/h2><\/div>\n\n\n\n<p class=\"has-text-align-center\">The aim of our activity is to provide <strong>reliable industrial machines, spare parts and comprehensive service services<\/strong>, that support business development and increase production efficiency. We operate flexibly, adapting solutions to individual customer needs.<\/p>\n<\/div>\n\n\n\n<div style=\"height:50px\" aria-hidden=\"true\" class=\"wp-block-spacer\"><\/div>\n\n\n\n<div class=\"wp-block-uagb-advanced-heading uagb-block-457cb65f\"><h2 class=\"uagb-heading-text\">What makes us different?<\/h2><\/div>\n\n\n\n<div class=\"wp-block-uagb-container uagb-block-d0f88853 alignfull uagb-is-root-container\">\n<div class=\"wp-block-columns is-layout-flex wp-container-core-columns-is-layout-28f84493 wp-block-columns-is-layout-flex\">\n<div class=\"wp-block-column is-layout-flow wp-block-column-is-layout-flow\" style=\"flex-basis:25%\">\n<div class=\"wp-block-uagb-info-box uagb-block-876db2bb uagb-infobox__content-wrap  uagb-infobox-icon-above-title uagb-infobox-image-valign-top\"><div class=\"uagb-ifb-content\"><div class=\"uagb-ifb-icon-wrap\"><svg xmlns=\"https:\/\/www.w3.org\/2000\/svg\" viewbox=\"0 0 512 512\"><path d=\"M0 256C0 114.6 114.6 0 256 0C397.4 0 512 114.6 512 256C512 397.4 397.4 512 256 512C114.6 512 0 397.4 0 256zM371.8 211.8C382.7 200.9 382.7 183.1 371.8 172.2C360.9 161.3 343.1 161.3 332.2 172.2L224 280.4L179.8 236.2C168.9 225.3 151.1 225.3 140.2 236.2C129.3 247.1 129.3 264.9 140.2 275.8L204.2 339.8C215.1 350.7 232.9 350.7 243.8 339.8L371.8 211.8z\"><\/path><\/svg><\/div><div class=\"uagb-ifb-title-wrap\"><h5 class=\"uagb-ifb-title\">Over 23 years of experience<\/h5><\/div><p class=\"uagb-ifb-desc\">Since 2002, we have been gaining knowledge and experience in the industrial machinery sector, which translates into the professionalism and reliability of our projects.<\/p><\/div><\/div>\n<\/div>\n\n\n\n<div class=\"wp-block-column is-layout-flow wp-block-column-is-layout-flow\" style=\"flex-basis:25%\">\n<div class=\"wp-block-uagb-info-box uagb-block-8db01966 uagb-infobox__content-wrap  uagb-infobox-icon-above-title uagb-infobox-image-valign-top\"><div class=\"uagb-ifb-content\"><div class=\"uagb-ifb-icon-wrap\"><svg xmlns=\"https:\/\/www.w3.org\/2000\/svg\" viewbox=\"0 0 512 512\"><path d=\"M0 256C0 114.6 114.6 0 256 0C397.4 0 512 114.6 512 256C512 397.4 397.4 512 256 512C114.6 512 0 397.4 0 256zM371.8 211.8C382.7 200.9 382.7 183.1 371.8 172.2C360.9 161.3 343.1 161.3 332.2 172.2L224 280.4L179.8 236.2C168.9 225.3 151.1 225.3 140.2 236.2C129.3 247.1 129.3 264.9 140.2 275.8L204.2 339.8C215.1 350.7 232.9 350.7 243.8 339.8L371.8 211.8z\"><\/path><\/svg><\/div><div class=\"uagb-ifb-title-wrap\"><h5 class=\"uagb-ifb-title\">High quality products and services<\/h5><\/div><p class=\"uagb-ifb-desc\">We provide proven solutions based on technologies from renowned manufacturers, guaranteeing reliability and long machine life.<\/p><\/div><\/div>\n<\/div>\n\n\n\n<div class=\"wp-block-column is-layout-flow wp-block-column-is-layout-flow\" style=\"flex-basis:25%\">\n<div class=\"wp-block-uagb-info-box uagb-block-a20383db uagb-infobox__content-wrap  uagb-infobox-icon-above-title uagb-infobox-image-valign-top\"><div class=\"uagb-ifb-content\"><div class=\"uagb-ifb-icon-wrap\"><svg xmlns=\"https:\/\/www.w3.org\/2000\/svg\" viewbox=\"0 0 512 512\"><path d=\"M0 256C0 114.6 114.6 0 256 0C397.4 0 512 114.6 512 256C512 397.4 397.4 512 256 512C114.6 512 0 397.4 0 256zM371.8 211.8C382.7 200.9 382.7 183.1 371.8 172.2C360.9 161.3 343.1 161.3 332.2 172.2L224 280.4L179.8 236.2C168.9 225.3 151.1 225.3 140.2 236.2C129.3 247.1 129.3 264.9 140.2 275.8L204.2 339.8C215.1 350.7 232.9 350.7 243.8 339.8L371.8 211.8z\"><\/path><\/svg><\/div><div class=\"uagb-ifb-title-wrap\"><h5 class=\"uagb-ifb-title\">Comprehensive service \u2013 from consulting to service<\/h5><\/div><p class=\"uagb-ifb-desc\">We provide full support \u2013 from device selection, through delivery and installation, to service and technical support after purchase.<\/p><\/div><\/div>\n<\/div>\n\n\n\n<div class=\"wp-block-column is-layout-flow wp-block-column-is-layout-flow\" style=\"flex-basis:25%\">\n<div class=\"wp-block-uagb-info-box uagb-block-ee32d498 uagb-infobox__content-wrap  uagb-infobox-icon-above-title uagb-infobox-image-valign-top\"><div class=\"uagb-ifb-content\"><div class=\"uagb-ifb-icon-wrap\"><svg xmlns=\"https:\/\/www.w3.org\/2000\/svg\" viewbox=\"0 0 512 512\"><path d=\"M0 256C0 114.6 114.6 0 256 0C397.4 0 512 114.6 512 256C512 397.4 397.4 512 256 512C114.6 512 0 397.4 0 256zM371.8 211.8C382.7 200.9 382.7 183.1 371.8 172.2C360.9 161.3 343.1 161.3 332.2 172.2L224 280.4L179.8 236.2C168.9 225.3 151.1 225.3 140.2 236.2C129.3 247.1 129.3 264.9 140.2 275.8L204.2 339.8C215.1 350.7 232.9 350.7 243.8 339.8L371.8 211.8z\"><\/path><\/svg><\/div><div class=\"uagb-ifb-title-wrap\"><h5 class=\"uagb-ifb-title\">Cooperation with renowned producers<\/h5><\/div><p class=\"uagb-ifb-desc\">We work with renowned brands from Poland and abroad, offering original products and access to the latest technological solutions.<\/p><\/div><\/div>\n<\/div>\n<\/div>\n<\/div>\n\n\n\n<div style=\"height:50px\" aria-hidden=\"true\" class=\"wp-block-spacer\"><\/div>\n\n\n\n<div style=\"height:50px\" aria-hidden=\"true\" class=\"wp-block-spacer\"><\/div>\n\n\n\n<div class=\"wp-block-uagb-advanced-heading uagb-block-d7a5892a\"><h2 class=\"uagb-heading-text\">Continuous development<\/h2><\/div>\n\n\n\n<p class=\"has-text-align-center\">We continually expand our offerings and introduce new technologies to meet growing market demands. By collaborating with our clients, we improve our products and services, building a brand you can trust.<\/p>\n\n\n\n<div style=\"height:50px\" aria-hidden=\"true\" class=\"wp-block-spacer\"><\/div>\n\n\n\n<div class=\"wp-block-uagb-container uagb-block-98fc8585 alignfull uagb-is-root-container\"><div class=\"uagb-container-inner-blocks-wrap\">\n<div class=\"wp-block-uagb-call-to-action uagb-block-eb0b31ce wp-block-button\"><div class=\"uagb-cta__wrap\"><h2 class=\"uagb-cta__title\">Do you have any questions?<\/h2><p class=\"uagb-cta__desc\">Our team of specialists will answer all your questions regarding <strong>reliable industrial machines, spare parts and comprehensive service services<\/strong>. We will advise you on choosing the right solutions and prepare an offer tailored to your company's needs.<\/p><\/div><div class=\"uagb-cta__buttons\"><a href=\"https:\/\/ramet.biz\/en\/kontakt\/\" class=\"uagb-cta__button-link-wrapper wp-block-button__link\" target=\"_self\" rel=\"noopener noreferrer\">Contact us<\/a><\/div><\/div>\n<\/div><\/div>\n\n\n\n<div class=\"wp-block-uagb-container uagb-block-bda0dbaf alignfull uagb-is-root-container\"><div class=\"uagb-container-inner-blocks-wrap\"><\/div><\/div>","protected":false},"excerpt":{"rendered":"<p>O nas Do\u015bwiadczenie i tradycja Nasza firma rozpocz\u0119\u0142a dzia\u0142alno\u015b\u0107 w 2002 roku, specjalizuj\u0105c si\u0119 w bran\u017cy maszyn przemys\u0142owych. Od ponad 20 lat konsekwentnie rozwijamy ofert\u0119, \u0142\u0105cz\u0105c wiedz\u0119 techniczn\u0105, do\u015bwiadczenie i nowoczesne rozwi\u0105zania. Dzi\u0119ki profesjonalizmowi i wysokiej jako\u015bci obs\u0142ugi zdobyli\u015bmy zaufanie klient\u00f3w z ca\u0142ej Polski i Europy. Nasza misja Celem naszej dzia\u0142alno\u015bci jest dostarczanie niezawodnych maszyn [&hellip;]<\/p>","protected":false},"author":1,"featured_media":0,"parent":0,"menu_order":0,"comment_status":"closed","ping_status":"closed","template":"","meta":{"_uag_custom_page_level_css":"","site-sidebar-layout":"default","site-content-layout":"page-builder","ast-site-content-layout":"full-width-container","site-content-style":"unboxed","site-sidebar-style":"unboxed","ast-global-header-display":"","ast-banner-title-visibility":"","ast-main-header-display":"","ast-hfb-above-header-display":"","ast-hfb-below-header-display":"","ast-hfb-mobile-header-display":"","site-post-title":"disabled","ast-breadcrumbs-content":"","ast-featured-img":"","footer-sml-layout":"","ast-disable-related-posts":"","theme-transparent-header-meta":"","adv-header-id-meta":"","stick-header-meta":"","header-above-stick-meta":"","header-main-stick-meta":"","header-below-stick-meta":"","astra-migrate-meta-layouts":"set","ast-page-background-enabled":"default","ast-page-background-meta":{"desktop":{"background-color":"","background-image":"","background-repeat":"repeat","background-position":"center center","background-size":"auto","background-attachment":"scroll","background-type":"","background-media":"","overlay-type":"","overlay-color":"","overlay-opacity":"","overlay-gradient":""},"tablet":{"background-color":"","background-image":"","background-repeat":"repeat","background-position":"center center","background-size":"auto","background-attachment":"scroll","background-type":"","background-media":"","overlay-type":"","overlay-color":"","overlay-opacity":"","overlay-gradient":""},"mobile":{"background-color":"","background-image":"","background-repeat":"repeat","background-position":"center center","background-size":"auto","background-attachment":"scroll","background-type":"","background-media":"","overlay-type":"","overlay-color":"","overlay-opacity":"","overlay-gradient":""}},"ast-content-background-meta":{"desktop":{"background-color":"var(--ast-global-color-5)","background-image":"","background-repeat":"repeat","background-position":"center center","background-size":"auto","background-attachment":"scroll","background-type":"","background-media":"","overlay-type":"","overlay-color":"","overlay-opacity":"","overlay-gradient":""},"tablet":{"background-color":"var(--ast-global-color-5)","background-image":"","background-repeat":"repeat","background-position":"center center","background-size":"auto","background-attachment":"scroll","background-type":"","background-media":"","overlay-type":"","overlay-color":"","overlay-opacity":"","overlay-gradient":""},"mobile":{"background-color":"var(--ast-global-color-5)","background-image":"","background-repeat":"repeat","background-position":"center center","background-size":"auto","background-attachment":"scroll","background-type":"","background-media":"","overlay-type":"","overlay-color":"","overlay-opacity":"","overlay-gradient":""}},"footnotes":""},"class_list":["post-1399","page","type-page","status-publish","hentry"],"aioseo_notices":[],"yoast_head":"<!-- This site is optimized with the Yoast SEO plugin v27.4 - https:\/\/yoast.com\/product\/yoast-seo-wordpress\/ -->\n<title>O nas - https:\/\/ramet.biz<\/title>\n<meta name=\"robots\" content=\"index, follow, max-snippet:-1, max-image-preview:large, max-video-preview:-1\" \/>\n<link rel=\"canonical\" href=\"https:\/\/ramet.biz\/en\/o-nas\/\" \/>\n<meta property=\"og:locale\" content=\"en_US\" \/>\n<meta property=\"og:type\" content=\"article\" \/>\n<meta property=\"og:title\" content=\"O nas - https:\/\/ramet.biz\" \/>\n<meta property=\"og:description\" content=\"O nas Do\u015bwiadczenie i tradycja Nasza firma rozpocz\u0119\u0142a dzia\u0142alno\u015b\u0107 w 2002 roku, specjalizuj\u0105c si\u0119 w bran\u017cy maszyn przemys\u0142owych. Od ponad 20 lat konsekwentnie rozwijamy ofert\u0119, \u0142\u0105cz\u0105c wiedz\u0119 techniczn\u0105, do\u015bwiadczenie i nowoczesne rozwi\u0105zania. Dzi\u0119ki profesjonalizmowi i wysokiej jako\u015bci obs\u0142ugi zdobyli\u015bmy zaufanie klient\u00f3w z ca\u0142ej Polski i Europy. Nasza misja Celem naszej dzia\u0142alno\u015bci jest dostarczanie niezawodnych maszyn [&hellip;]\" \/>\n<meta property=\"og:url\" content=\"https:\/\/ramet.biz\/en\/o-nas\/\" \/>\n<meta property=\"og:site_name\" content=\"https:\/\/ramet.biz\" \/>\n<meta property=\"article:modified_time\" content=\"2025-11-18T18:32:34+00:00\" \/>\n<meta name=\"twitter:card\" content=\"summary_large_image\" \/>\n<meta name=\"twitter:label1\" content=\"Est. reading time\" \/>\n\t<meta name=\"twitter:data1\" content=\"2 minutes\" \/>\n<script type=\"application\/ld+json\" class=\"yoast-schema-graph\">{\"@context\":\"https:\\\/\\\/schema.org\",\"@graph\":[{\"@type\":\"WebPage\",\"@id\":\"https:\\\/\\\/ramet.biz\\\/o-nas\\\/\",\"url\":\"https:\\\/\\\/ramet.biz\\\/o-nas\\\/\",\"name\":\"O nas - https:\\\/\\\/ramet.biz\",\"isPartOf\":{\"@id\":\"https:\\\/\\\/ramet.biz\\\/#website\"},\"datePublished\":\"2025-11-06T10:12:54+00:00\",\"dateModified\":\"2025-11-18T18:32:34+00:00\",\"breadcrumb\":{\"@id\":\"https:\\\/\\\/ramet.biz\\\/o-nas\\\/#breadcrumb\"},\"inLanguage\":\"en-US\",\"potentialAction\":[{\"@type\":\"ReadAction\",\"target\":[\"https:\\\/\\\/ramet.biz\\\/o-nas\\\/\"]}]},{\"@type\":\"BreadcrumbList\",\"@id\":\"https:\\\/\\\/ramet.biz\\\/o-nas\\\/#breadcrumb\",\"itemListElement\":[{\"@type\":\"ListItem\",\"position\":1,\"name\":\"Strona g\u0142\u00f3wna\",\"item\":\"https:\\\/\\\/ramet.biz\\\/\"},{\"@type\":\"ListItem\",\"position\":2,\"name\":\"O nas\"}]},{\"@type\":\"WebSite\",\"@id\":\"https:\\\/\\\/ramet.biz\\\/#website\",\"url\":\"https:\\\/\\\/ramet.biz\\\/\",\"name\":\"https:\\\/\\\/ramet.biz\",\"description\":\"\",\"publisher\":{\"@id\":\"https:\\\/\\\/ramet.biz\\\/#organization\"},\"potentialAction\":[{\"@type\":\"SearchAction\",\"target\":{\"@type\":\"EntryPoint\",\"urlTemplate\":\"https:\\\/\\\/ramet.biz\\\/?s={search_term_string}\"},\"query-input\":{\"@type\":\"PropertyValueSpecification\",\"valueRequired\":true,\"valueName\":\"search_term_string\"}}],\"inLanguage\":\"en-US\"},{\"@type\":\"Organization\",\"@id\":\"https:\\\/\\\/ramet.biz\\\/#organization\",\"name\":\"https:\\\/\\\/ramet.biz\",\"url\":\"https:\\\/\\\/ramet.biz\\\/\",\"logo\":{\"@type\":\"ImageObject\",\"inLanguage\":\"en-US\",\"@id\":\"https:\\\/\\\/ramet.biz\\\/#\\\/schema\\\/logo\\\/image\\\/\",\"url\":\"https:\\\/\\\/ramet.biz\\\/wp-content\\\/uploads\\\/2025\\\/11\\\/cropped-xlogo.png.pagespeed.ic_.yN8S04dPnT.webp\",\"contentUrl\":\"https:\\\/\\\/ramet.biz\\\/wp-content\\\/uploads\\\/2025\\\/11\\\/cropped-xlogo.png.pagespeed.ic_.yN8S04dPnT.webp\",\"width\":306,\"height\":90,\"caption\":\"https:\\\/\\\/ramet.biz\"},\"image\":{\"@id\":\"https:\\\/\\\/ramet.biz\\\/#\\\/schema\\\/logo\\\/image\\\/\"}}]}<\/script>\n<!-- \/ Yoast SEO plugin. -->","yoast_head_json":{"title":"O nas - https:\/\/ramet.biz","robots":{"index":"index","follow":"follow","max-snippet":"max-snippet:-1","max-image-preview":"max-image-preview:large","max-video-preview":"max-video-preview:-1"},"canonical":"https:\/\/ramet.biz\/en\/o-nas\/","og_locale":"en_US","og_type":"article","og_title":"O nas - https:\/\/ramet.biz","og_description":"O nas Do\u015bwiadczenie i tradycja Nasza firma rozpocz\u0119\u0142a dzia\u0142alno\u015b\u0107 w 2002 roku, specjalizuj\u0105c si\u0119 w bran\u017cy maszyn przemys\u0142owych. Od ponad 20 lat konsekwentnie rozwijamy ofert\u0119, \u0142\u0105cz\u0105c wiedz\u0119 techniczn\u0105, do\u015bwiadczenie i nowoczesne rozwi\u0105zania. Dzi\u0119ki profesjonalizmowi i wysokiej jako\u015bci obs\u0142ugi zdobyli\u015bmy zaufanie klient\u00f3w z ca\u0142ej Polski i Europy. Nasza misja Celem naszej dzia\u0142alno\u015bci jest dostarczanie niezawodnych maszyn [&hellip;]","og_url":"https:\/\/ramet.biz\/en\/o-nas\/","og_site_name":"https:\/\/ramet.biz","article_modified_time":"2025-11-18T18:32:34+00:00","twitter_card":"summary_large_image","twitter_misc":{"Est. reading time":"2 minutes"},"schema":{"@context":"https:\/\/schema.org","@graph":[{"@type":"WebPage","@id":"https:\/\/ramet.biz\/o-nas\/","url":"https:\/\/ramet.biz\/o-nas\/","name":"O nas - https:\/\/ramet.biz","isPartOf":{"@id":"https:\/\/ramet.biz\/#website"},"datePublished":"2025-11-06T10:12:54+00:00","dateModified":"2025-11-18T18:32:34+00:00","breadcrumb":{"@id":"https:\/\/ramet.biz\/o-nas\/#breadcrumb"},"inLanguage":"en-US","potentialAction":[{"@type":"ReadAction","target":["https:\/\/ramet.biz\/o-nas\/"]}]},{"@type":"BreadcrumbList","@id":"https:\/\/ramet.biz\/o-nas\/#breadcrumb","itemListElement":[{"@type":"ListItem","position":1,"name":"Strona g\u0142\u00f3wna","item":"https:\/\/ramet.biz\/"},{"@type":"ListItem","position":2,"name":"O nas"}]},{"@type":"WebSite","@id":"https:\/\/ramet.biz\/#website","url":"https:\/\/ramet.biz\/","name":"https:\/\/ramet.biz","description":"","publisher":{"@id":"https:\/\/ramet.biz\/#organization"},"potentialAction":[{"@type":"SearchAction","target":{"@type":"EntryPoint","urlTemplate":"https:\/\/ramet.biz\/?s={search_term_string}"},"query-input":{"@type":"PropertyValueSpecification","valueRequired":true,"valueName":"search_term_string"}}],"inLanguage":"en-US"},{"@type":"Organization","@id":"https:\/\/ramet.biz\/#organization","name":"https:\/\/ramet.biz","url":"https:\/\/ramet.biz\/","logo":{"@type":"ImageObject","inLanguage":"en-US","@id":"https:\/\/ramet.biz\/#\/schema\/logo\/image\/","url":"https:\/\/ramet.biz\/wp-content\/uploads\/2025\/11\/cropped-xlogo.png.pagespeed.ic_.yN8S04dPnT.webp","contentUrl":"https:\/\/ramet.biz\/wp-content\/uploads\/2025\/11\/cropped-xlogo.png.pagespeed.ic_.yN8S04dPnT.webp","width":306,"height":90,"caption":"https:\/\/ramet.biz"},"image":{"@id":"https:\/\/ramet.biz\/#\/schema\/logo\/image\/"}}]}},"_hostinger_reach_plugin_has_subscription_block":false,"_hostinger_reach_plugin_is_elementor":false,"uagb_featured_image_src":{"full":false,"thumbnail":false,"medium":false,"medium_large":false,"large":false,"1536x1536":false,"2048x2048":false,"trp-custom-language-flag":false},"uagb_author_info":{"display_name":"zborowskaart@gmail.com","author_link":"https:\/\/ramet.biz\/en\/author\/zborowskaartgmail-com\/"},"uagb_comment_info":0,"uagb_excerpt":"O nas Do\u015bwiadczenie i tradycja Nasza firma rozpocz\u0119\u0142a dzia\u0142alno\u015b\u0107 w 2002 roku, specjalizuj\u0105c si\u0119 w bran\u017cy maszyn przemys\u0142owych. Od ponad 20 lat konsekwentnie rozwijamy ofert\u0119, \u0142\u0105cz\u0105c wiedz\u0119 techniczn\u0105, do\u015bwiadczenie i nowoczesne rozwi\u0105zania. Dzi\u0119ki profesjonalizmowi i wysokiej jako\u015bci obs\u0142ugi zdobyli\u015bmy zaufanie klient\u00f3w z ca\u0142ej Polski i Europy. Nasza misja Celem naszej dzia\u0142alno\u015bci jest dostarczanie niezawodnych maszyn&hellip;","_links":{"self":[{"href":"https:\/\/ramet.biz\/en\/wp-json\/wp\/v2\/pages\/1399","targetHints":{"allow":["GET"]}}],"collection":[{"href":"https:\/\/ramet.biz\/en\/wp-json\/wp\/v2\/pages"}],"about":[{"href":"https:\/\/ramet.biz\/en\/wp-json\/wp\/v2\/types\/page"}],"author":[{"embeddable":true,"href":"https:\/\/ramet.biz\/en\/wp-json\/wp\/v2\/users\/1"}],"replies":[{"embeddable":true,"href":"https:\/\/ramet.biz\/en\/wp-json\/wp\/v2\/comments?post=1399"}],"version-history":[{"count":13,"href":"https:\/\/ramet.biz\/en\/wp-json\/wp\/v2\/pages\/1399\/revisions"}],"predecessor-version":[{"id":1842,"href":"https:\/\/ramet.biz\/en\/wp-json\/wp\/v2\/pages\/1399\/revisions\/1842"}],"wp:attachment":[{"href":"https:\/\/ramet.biz\/en\/wp-json\/wp\/v2\/media?parent=1399"}],"curies":[{"name":"wp","href":"https:\/\/api.w.org\/{rel}","templated":true}]}}